{"id":78,"date":"2019-02-06T21:09:38","date_gmt":"2019-02-06T21:09:38","guid":{"rendered":"http:\/\/estudio150.org\/?page_id=78"},"modified":"2019-02-06T21:09:38","modified_gmt":"2019-02-06T21:09:38","slug":"propuesta-de-valor","status":"publish","type":"page","link":"https:\/\/estudio150.org\/en\/propuesta-de-valor\/","title":{"rendered":"Value Proposal"},"content":{"rendered":"<p><i><span style=\"font-weight:400;\">\u201cJustice requires power, intelligence and will, and resembles the eagle.\u201d Leonardo Da Vinci.<\/span><\/i><\/p>\n<p><span style=\"font-weight:400;\">We use technologies to strategically advise our clients in developing plans to generate a bigger impact. We use data mining, exploratory data analysis (EDA), visualization through collaborative maps, and other methodologies for the development of each service. <\/span><\/p>\n<p>&nbsp;<\/p>","protected":false},"excerpt":{"rendered":"<p>\u201cLa justicia requiere poder, inteligencia y voluntad, y se asemeja al \u00e1guila.\u201d Leonardo Da Vinci. Hacemos uso de tecnolog\u00edas para asesorar estrat\u00e9gicamente a nuestros clientes en desarrollar planes estrat\u00e9gicos para generar el mayor impacto. Hacemos uso de data mining, an\u00e1lisis de datos exploratorio (EDA), visualizaci\u00f3n a trav\u00e9s de mapas de colaboraci\u00f3n, y otras metodolog\u00edas para [&hellip;]<\/p>\n","protected":false},"author":2223117,"featured_media":0,"parent":0,"menu_order":0,"comment_status":"closed","ping_status":"closed","template":"","meta":{"_coblocks_attr":"","_coblocks_dimensions":"","_coblocks_responsive_height":"","_coblocks_accordion_ie_support":"","_crdt_document":"","advanced_seo_description":"","jetpack_seo_html_title":"","jetpack_seo_noindex":false,"footnotes":""},"class_list":["post-78","page","type-page","status-publish","hentry","color-3"],"jetpack_likes_enabled":true,"jetpack_sharing_enabled":true,"jetpack_shortlink":"https:\/\/wp.me\/PaFrKs-1g","amp_enabled":true,"_links":{"self":[{"href":"https:\/\/estudio150.org\/en\/wp-json\/wp\/v2\/pages\/78","targetHints":{"allow":["GET"]}}],"collection":[{"href":"https:\/\/estudio150.org\/en\/wp-json\/wp\/v2\/pages"}],"about":[{"href":"https:\/\/estudio150.org\/en\/wp-json\/wp\/v2\/types\/page"}],"author":[{"embeddable":true,"href":"https:\/\/estudio150.org\/en\/wp-json\/wp\/v2\/users\/2223117"}],"replies":[{"embeddable":true,"href":"https:\/\/estudio150.org\/en\/wp-json\/wp\/v2\/comments?post=78"}],"version-history":[{"count":1,"href":"https:\/\/estudio150.org\/en\/wp-json\/wp\/v2\/pages\/78\/revisions"}],"predecessor-version":[{"id":79,"href":"https:\/\/estudio150.org\/en\/wp-json\/wp\/v2\/pages\/78\/revisions\/79"}],"wp:attachment":[{"href":"https:\/\/estudio150.org\/en\/wp-json\/wp\/v2\/media?parent=78"}],"curies":[{"name":"wp","href":"https:\/\/api.w.org\/{rel}","templated":true}]}}